{"id":187,"date":"2016-03-16T12:03:52","date_gmt":"2016-03-16T12:03:52","guid":{"rendered":"https:\/\/cgrande.net\/cG-WEB\/?page_id=187"},"modified":"2016-04-04T11:54:44","modified_gmt":"2016-04-04T11:54:44","slug":"qui-som","status":"publish","type":"page","link":"https:\/\/cgrande.net\/es\/qui-som\/","title":{"rendered":"Qui\u00e9nes somos"},"content":{"rendered":"<p>canalGRANDE practica una arquitectura que quiere ser sugerente, \u00fatil y sana.<\/p>\n<p>&nbsp;<\/p>\n<p><img loading=\"lazy\" decoding=\"async\" class=\"alignnone wp-image-167 size-thumbnail\" src=\"https:\/\/cgrande.net\/wp-content\/uploads\/2016\/03\/CUEVAS-PARERAS-CIRCLE-150x150.png\" alt=\"CUEVAS PARERAS-CIRCLE\" width=\"150\" height=\"150\" srcset=\"https:\/\/cgrande.net\/wp-content\/uploads\/2016\/03\/CUEVAS-PARERAS-CIRCLE-150x150.png 150w, https:\/\/cgrande.net\/wp-content\/uploads\/2016\/03\/CUEVAS-PARERAS-CIRCLE-300x300.png 300w, https:\/\/cgrande.net\/wp-content\/uploads\/2016\/03\/CUEVAS-PARERAS-CIRCLE-100x100.png 100w, https:\/\/cgrande.net\/wp-content\/uploads\/2016\/03\/CUEVAS-PARERAS-CIRCLE.png 473w\" sizes=\"auto, (max-width: 150px) 100vw, 150px\" \/> JOAN CUEVAS PARERAS. Arquitecto fundador de canalGRANDE. Especializado en biohabitabilidad y salud en los entornos construidos. M\u00e1ster en bioconstrucci\u00f3n por la Universitat de Lleida y el Institut f\u00fcr Baubiologie + Nachhaltigkeit. Es miembro del Col\u00b7legi Oficial d\u2019Arquitectes de Catalunya COAC.<\/p>\n<p>&nbsp;<\/p>\n<p><img loading=\"lazy\" decoding=\"async\" class=\"alignnone wp-image-170 size-thumbnail\" src=\"https:\/\/cgrande.net\/wp-content\/uploads\/2014\/11\/CALLUM-PIRIE-CIRCLE-150x150.png\" alt=\"CALLUM PIRIE-CIRCLE\" width=\"150\" height=\"150\" srcset=\"https:\/\/cgrande.net\/wp-content\/uploads\/2014\/11\/CALLUM-PIRIE-CIRCLE-150x150.png 150w, https:\/\/cgrande.net\/wp-content\/uploads\/2014\/11\/CALLUM-PIRIE-CIRCLE-300x300.png 300w, https:\/\/cgrande.net\/wp-content\/uploads\/2014\/11\/CALLUM-PIRIE-CIRCLE-100x100.png 100w, https:\/\/cgrande.net\/wp-content\/uploads\/2014\/11\/CALLUM-PIRIE-CIRCLE.png 473w\" sizes=\"auto, (max-width: 150px) 100vw, 150px\" \/> CALLUM PIRIE. Arquitecto. Formado en Escocia y en los Estados Unidos. Especializado en edificios de gran dimensi\u00f3n y vivienda de protecci\u00f3n oficial ejecutados en Londres. Es miembro del Royal Institute of British Architects RIBA y del Col\u00b7legi Oficial d\u2019Arquitectes de Catalunya COAC. Forma parte de canalGRANDE desde 2016.<\/p>\n<p>&nbsp;<\/p>\n<p><img loading=\"lazy\" decoding=\"async\" class=\"alignnone wp-image-168 size-thumbnail\" src=\"https:\/\/cgrande.net\/wp-content\/uploads\/2016\/03\/JORDI-LLA\u0300CER-CIRCLE-150x150.png\" alt=\"JORDI LLA\u0300CER-CIRCLE\" width=\"150\" height=\"150\" srcset=\"https:\/\/cgrande.net\/wp-content\/uploads\/2016\/03\/JORDI-LLA\u0300CER-CIRCLE-150x150.png 150w, https:\/\/cgrande.net\/wp-content\/uploads\/2016\/03\/JORDI-LLA\u0300CER-CIRCLE-300x300.png 300w, https:\/\/cgrande.net\/wp-content\/uploads\/2016\/03\/JORDI-LLA\u0300CER-CIRCLE-100x100.png 100w, https:\/\/cgrande.net\/wp-content\/uploads\/2016\/03\/JORDI-LLA\u0300CER-CIRCLE.png 473w\" sizes=\"auto, (max-width: 150px) 100vw, 150px\" \/> <a href=\"https:\/\/es.linkedin.com\/in\/jordi-ll%C3%A0cer-72374845?trk=seokp-title_posts_secondary_cluster_res_author_name\" target=\"_blank\">JORDI LL\u00c0CER<\/a>. Arquitecto fundador de canalGRANDE. Actualmente es consultor independiente de arquitectura y director de <a href=\"http:\/\/www.pocaa.net\/web\/\" target=\"_blank\"><strong>pocaa<\/strong><\/a>. CanalGRANDE continua nutri\u00e9ndose de sus opiniones y consejos en todos los proyectos complejos que le son encargados.<\/p>\n","protected":false},"excerpt":{"rendered":"<p>canalGRANDE practica una arquitectura que quiere ser sugerente, \u00fatil y sana. &nbsp; JOAN CUEVAS PARERAS. Arquitecto fundador de canalGRANDE. Especializado&#8230;<\/p>\n","protected":false},"author":1,"featured_media":0,"parent":0,"menu_order":0,"comment_status":"open","ping_status":"open","template":"template-full-width.php","meta":{"footnotes":""},"class_list":["post-187","page","type-page","status-publish","hentry","end"],"_links":{"self":[{"href":"https:\/\/cgrande.net\/es\/wp-json\/wp\/v2\/pages\/187","targetHints":{"allow":["GET"]}}],"collection":[{"href":"https:\/\/cgrande.net\/es\/wp-json\/wp\/v2\/pages"}],"about":[{"href":"https:\/\/cgrande.net\/es\/wp-json\/wp\/v2\/types\/page"}],"author":[{"embeddable":true,"href":"https:\/\/cgrande.net\/es\/wp-json\/wp\/v2\/users\/1"}],"replies":[{"embeddable":true,"href":"https:\/\/cgrande.net\/es\/wp-json\/wp\/v2\/comments?post=187"}],"version-history":[{"count":7,"href":"https:\/\/cgrande.net\/es\/wp-json\/wp\/v2\/pages\/187\/revisions"}],"predecessor-version":[{"id":640,"href":"https:\/\/cgrande.net\/es\/wp-json\/wp\/v2\/pages\/187\/revisions\/640"}],"wp:attachment":[{"href":"https:\/\/cgrande.net\/es\/wp-json\/wp\/v2\/media?parent=187"}],"curies":[{"name":"wp","href":"https:\/\/api.w.org\/{rel}","templated":true}]}}